{"id":86,"date":"2024-09-29T21:08:42","date_gmt":"2024-09-29T21:08:42","guid":{"rendered":"https:\/\/votum-separatum.hr\/wordpress\/?page_id=86"},"modified":"2024-09-29T21:18:46","modified_gmt":"2024-09-29T21:18:46","slug":"knjige","status":"publish","type":"page","link":"https:\/\/votum-separatum.hr\/wordpress\/knjige\/","title":{"rendered":"KNJIGE"},"content":{"rendered":"\n<p><\/p>\n\n\n\n<p>PAS UMJETNI\u010cKOG SRCA<\/p>\n\n\n\n<p><\/p>\n\n\n\n<p>RU\u017dI\u010cASTI SNIJEG<\/p>\n\n\n\n<p><\/p>\n\n\n\n<p><\/p>\n\n\n\n<p>MORNAR I PRINCEZA<\/p>\n\n\n\n<p><\/p>\n\n\n\n<p><\/p>\n\n\n\n<p>KROKODILSKA PRI\u010cA<\/p>\n\n\n\n<p><\/p>\n\n\n\n<p><\/p>\n\n\n\n<p>PINK SNOW<\/p>\n\n\n\n<p><\/p>\n\n\n\n<p><\/p>\n\n\n\n<p>SRETAN CVR\u010cAK<\/p>\n","protected":false},"excerpt":{"rendered":"<p>PAS UMJETNI\u010cKOG SRCA RU\u017dI\u010cASTI SNIJEG MORNAR I PRINCEZA KROKODILSKA PRI\u010cA PINK SNOW SRETAN CVR\u010cAK<\/p>\n","protected":false},"author":1,"featured_media":0,"parent":0,"menu_order":0,"comment_status":"closed","ping_status":"closed","template":"","meta":{"footnotes":""},"class_list":["post-86","page","type-page","status-publish","hentry"],"_links":{"self":[{"href":"https:\/\/votum-separatum.hr\/wordpress\/wp-json\/wp\/v2\/pages\/86"}],"collection":[{"href":"https:\/\/votum-separatum.hr\/wordpress\/wp-json\/wp\/v2\/pages"}],"about":[{"href":"https:\/\/votum-separatum.hr\/wordpress\/wp-json\/wp\/v2\/types\/page"}],"author":[{"embeddable":true,"href":"https:\/\/votum-separatum.hr\/wordpress\/wp-json\/wp\/v2\/users\/1"}],"replies":[{"embeddable":true,"href":"https:\/\/votum-separatum.hr\/wordpress\/wp-json\/wp\/v2\/comments?post=86"}],"version-history":[{"count":2,"href":"https:\/\/votum-separatum.hr\/wordpress\/wp-json\/wp\/v2\/pages\/86\/revisions"}],"predecessor-version":[{"id":91,"href":"https:\/\/votum-separatum.hr\/wordpress\/wp-json\/wp\/v2\/pages\/86\/revisions\/91"}],"wp:attachment":[{"href":"https:\/\/votum-separatum.hr\/wordpress\/wp-json\/wp\/v2\/media?parent=86"}],"curies":[{"name":"wp","href":"https:\/\/api.w.org\/{rel}","templated":true}]}}